{"id":6208,"date":"2023-10-06T08:22:27","date_gmt":"2023-10-06T08:22:27","guid":{"rendered":"https:\/\/walkingtourljubljana.com\/?page_id=6208"},"modified":"2023-10-09T05:24:46","modified_gmt":"2023-10-09T05:24:46","slug":"blog","status":"publish","type":"page","link":"https:\/\/walkingtourljubljana.com\/de\/blog\/","title":{"rendered":"Entdecken Sie den Zauber des Weihnachtsmarktes in Ljubljana"},"content":{"rendered":"<p>Vom 1. Dezember 2023 bis Anfang Januar 2024, <strong>Ljubljana<\/strong> verwandelt sich in ein von unz\u00e4hligen Lichtern erleuchtetes Reich der festlichen Freude. Das Herzst\u00fcck dieses Winterwunders ist die gesch\u00e4tzte <strong>Weihnachtsmarkt Ljubljana<\/strong>Der Charme der Stadt wird durch die mittelalterliche Architektur und den Duft von Gl\u00fchwein, der die frische Luft erf\u00fcllt, noch verst\u00e4rkt.<\/p>\n\n\n\n<p>Dieser Blog soll Ihnen praktische Informationen \u00fcber den Weihnachtsmarkt in Ljubljana liefern. Wir m\u00f6chten Sie mit den wichtigsten Informationen dar\u00fcber versorgen, wann Sie den Markt besuchen sollten und was diesen Markt zu einem einzigartigen Erlebnis macht. Von den \u00d6ffnungsterminen bis hin zu <strong>besondere Attraktionen<\/strong> und Di\u00e4tm\u00f6glichkeiten haben wir die wichtigsten Punkte zusammengefasst, die Ihnen bei der Planung Ihres Besuchs helfen werden. Auf geht's!<\/p>\n\n\n\n<figure class=\"wp-block-image size-large\"><img decoding=\"async\" src=\"https:\/\/walkingtourljubljana.com\/wp-content\/uploads\/panorama-ljubljana-1024x683.webp\" alt=\"Panorama von Ljubljana im Winter. Slowenien, Europa.\" class=\"wp-image-6219\" \/><figcaption class=\"wp-element-caption\">Ljubljanas historische Kulisse erstrahlt in festlicher Marktbeleuchtung<\/figcaption><\/figure>\n\n\n\n<h2 class=\"wp-block-heading\">Praktische Informationen f\u00fcr Besucher<\/h2>\n\n\n\n<p>Die wichtigsten Aktivit\u00e4ten finden Sie unter <strong>Pre\u0161eren<\/strong> <strong>Platz<\/strong> und entlang der Uferpromenade der Ljubljanica. Der Markt ist von mittags bis zum fr\u00fchen Abend ge\u00f6ffnet, am ersten Weihnachtstag ist er teilweise geschlossen. Der Eintritt ist f\u00fcr alle frei. <strong>Ab 1. Dezember,<\/strong> werden der Markt und die umliegenden Gebiete weihnachtlich beleuchtet sein, um die festliche Atmosph\u00e4re zu verst\u00e4rken.<\/p>\n\n\n\n<p>F\u00fcr alle, die Schlittschuhlaufen wollen, gibt es Ice Fantasy Ljubljana im <strong>Park Zvezda auf dem Kongressplatz<\/strong> ist der richtige Ort daf\u00fcr. Der Markt geht auch auf verschiedene Ern\u00e4hrungsgewohnheiten ein, denn es gibt viele vegetarische, vegane und einige glutenfreie Optionen. Es ist ein<strong> tierfreundlicher Markt<\/strong>Sie k\u00f6nnen also gerne Ihre Hunde mitbringen, sofern sie angeleint sind.<\/p>\n\n\n\n<p>Dieser Markt bietet nicht nur ein traditionelles festliches Erlebnis, sondern zeigt auch<strong> nachhaltige Produkte<\/strong> und <strong>Slowenisches Design<\/strong>. Kostenlose Musikkonzerte und die Veranstaltung \"Zauberwald\" geh\u00f6ren zu den weiteren Attraktionen, die den Dezember in Ljubljana trotz der k\u00fchlen Temperaturen von durchschnittlich 4\u00b0C bis -2\u00b0C lebendig machen.<\/p>\n\n\n\n<h2 class=\"wp-block-heading\">Der Herzschlag von Ljubljana: Der Weihnachtsmarkt<\/h2>\n\n\n\n<p>Tauchen Sie ein in die lebhafte Atmosph\u00e4re des Weihnachtsmarktes von Ljubljana, der sich rund um die wichtigsten Sehensw\u00fcrdigkeiten der Stadt erstreckt. Der Markt ist ein gesch\u00e4ftiger Ort mit zahlreichen St\u00e4nden, die <strong>handgefertigte Waren und lokale Leckereien<\/strong>. Es ist ein Ort, an dem sich die Stadt von ihrer besten Seite zeigt.<strong> energiegeladene Atmosph\u00e4re<\/strong> w\u00e4hrend der Wintersaison.<\/p>\n\n\n\n<p>W\u00e4hrend Ihres Besuchs werden Sie sich durch folgende Bereiche bewegen <strong>\u00fcber 50 Marktst\u00e4nde<\/strong> die an verschiedenen Stellen der Stadt wie dem Breg-Ufer, dem Cankar-Ufer, dem Kongressplatz, dem Pre\u0161eren-Platz, dem Gallus-Ufer und dem Petkov\u0161ek-Ufer aufgebaut sind. Diese St\u00e4nde bilden das soziale Epizentrum der Stadt im Dezember und bieten eine breite Palette von Produkten an, die von Kunsthandwerk bis hin zu einem Sortiment von <strong>lokale und internationale K\u00fcche<\/strong>.<\/p>\n\n\n\n<figure class=\"wp-block-image size-large\"><img decoding=\"async\" src=\"https:\/\/walkingtourljubljana.com\/wp-content\/uploads\/ljubljana-christmas-1-1024x683.webp\" alt=\"Weihnachtszeit in Ljubljana\" class=\"wp-image-6220\" \/><figcaption class=\"wp-element-caption\">Lichterglanz auf dem belebten Weihnachtsmarkt von Ljubljana<\/figcaption><\/figure>\n\n\n\n<p>Sich engagieren <strong>festliche Eink\u00e4ufe<\/strong>Nehmen Sie an den Weihnachtsfeiern teil und genie\u00dfen Sie saisonale Speisen und Getr\u00e4nke. Vielleicht sto\u00dfen Sie auch auf einzigartige nachhaltige Produkte und Kleidung slowenischer Designer, die das Motto des Marktes widerspiegeln. <strong>Fokus auf nachhaltiges Leben<\/strong>. Der Markt verbreitet seine festliche Stimmung auch durch kostenlose Attraktionen wie das \"Land des Eises\" mit atemberaubenden Eisskulpturen, einen \"Zauberwald\", in dem kostenlose Workshops angeboten werden, und verschiedene kostenlose Konzerte, die \u00fcber die ganze Stadt verteilt sind.<\/p>\n\n\n\n<h2 class=\"wp-block-heading\">Kulinarische und kulturelle Feste erwarten Sie<\/h2>\n\n\n\n<p>Der Weihnachtsmarkt von Ljubljana bietet eine kulinarische Reise durch die slowenische Winterk\u00fcche an seinen Essens- und Getr\u00e4nkest\u00e4nden. Das Angebot reicht von traditionellen slowenischen Gerichten bis hin zur internationalen K\u00fcche und bietet einem <strong>Vielfalt der Ern\u00e4hrungsgewohnheiten<\/strong>.<\/p>\n\n\n\n<p>Die<strong> festliche Atmosph\u00e4re<\/strong> erstreckt sich auf nahe gelegene Pl\u00e4tze, auf denen<strong> kostenlose Konzerte und Veranstaltungen <\/strong>statt, die ein familienfreundliches Umfeld mit Musik und Unterhaltung schaffen. Diese kulturellen Veranstaltungen bieten eine angenehme Kulisse, w\u00e4hrend Sie den Markt und die umliegenden kleineren M\u00e4rkte an verschiedenen Orten der Stadt wie dem Breg Embankment, dem Cankar Embankment und dem Congress Square, um nur einige zu nennen, erkunden.<\/p>\n\n\n\n<p>Dar\u00fcber hinaus wird ein Schwerpunkt auf nachhaltiges Einkaufen gelegt mit einer Auswahl von <strong>umweltfreundliche Produkte<\/strong> und <strong>Kleidung mit slowenischem Design<\/strong> auf dem Markt erh\u00e4ltlich.<\/p>\n\n\n\n<figure class=\"wp-block-image size-large\"><img decoding=\"async\" src=\"https:\/\/walkingtourljubljana.com\/wp-content\/uploads\/ljubljana-markets-1024x683.webp\" alt=\"Nachtstadt, Happening, Urlaub. Ljubljana. Slowenien.\" class=\"wp-image-6221\" \/><figcaption class=\"wp-element-caption\">Einkaufen inmitten der malerischen St\u00e4nde auf dem Weihnachtsmarkt von Ljubljana<\/figcaption><\/figure>\n\n\n\n<p>Praktischer Tipp: <strong>\u00dcberpr\u00fcfen Sie den Konzertplan <\/strong>und Aktivit\u00e4ten im Voraus, um Ihren Besuch zu planen, und <strong>sich warm anziehen <\/strong>um den Markt trotz der kalten Wintertemperaturen bequem genie\u00dfen zu k\u00f6nnen.&nbsp;<\/p>\n\n\n\n<h2 class=\"wp-block-heading\">Die Stadt bei Tag und Nacht<\/h2>\n\n\n\n<p>Tags\u00fcber sind Wahrzeichen wie die <strong>Ljubljana<\/strong> <strong>Schloss<\/strong>Pl\u00e4tze, Kirchen, Br\u00fccken und die architektonischen Wunderwerke von <strong>Jo\u017ee Ple\u010dnik<\/strong> bieten eine einzigartige Mischung aus Geschichte und Kunst. Diese Orte bieten Fotografen einzigartige Momente, die sie festhalten k\u00f6nnen, vor allem, wenn das weiche Winterlicht ihre Anziehungskraft noch verst\u00e4rkt.<\/p>\n\n\n\n<figure class=\"wp-block-image size-large is-resized\"><img loading=\"lazy\" decoding=\"async\" src=\"https:\/\/walkingtourljubljana.com\/wp-content\/uploads\/ljubljana-winter-1024x683.webp\" alt=\"Der Weihnachtsmarkt von Ljubljana, Slowenien\" class=\"wp-image-6223\" style=\"width:1450px;height:683px\" width=\"1450\" height=\"683\" \/><figcaption class=\"wp-element-caption\">Warme Atmosph\u00e4re auf dem Weihnachtsmarkt von Ljubljana an einem k\u00fchlen Abend<\/figcaption><\/figure>\n\n\n\n<p>Wenn es dunkel wird, tauchen die Lichter der Stadt die gesch\u00e4ftigen M\u00e4rkte in eine warme und einladende Atmosph\u00e4re, die Einheimische und Besucher gleicherma\u00dfen anzieht. Jeder Ort, mit seinem eigenen <strong>Dezember-Feierlichkeiten<\/strong>l\u00e4dt zu weiteren Erkundungen ein und bereichert das Angebot Ljubljanas in diesem Festmonat.<\/p>\n\n\n\n<h2 class=\"wp-block-heading\">Dezember, der Monat der unendlichen Feste<\/h2>\n\n\n\n<p>W\u00e4hrend die Feierlichkeiten in Ljubljana die W\u00e4rme des Landes enth\u00fcllen<strong> Sloweniens lebendige Kultur<\/strong>Wenn man sich \u00fcber die Hauptstadt hinaus wagt, er\u00f6ffnet sich ein Reich der malerischen und fr\u00f6hlichen Feste.&nbsp;<\/p>\n\n\n\n<p>Das heitere Ambiente der <strong>Bleder See<\/strong>die mystische Anziehungskraft von <strong>Postojna<\/strong> <strong>H\u00f6hle<\/strong>und die herzlichen Festivit\u00e4ten in den slowenischen St\u00e4dten bringen die Essenz des fr\u00f6hlichen Dezembers zum Ausdruck. Jeder Ort mit seinen einzigartigen Feierlichkeiten l\u00e4dt zur Erkundung ein und verspricht ein tieferes Eintauchen in <strong>Sloweniens reiches Winterangebot<\/strong>.&nbsp;<\/p>\n\n\n\n<figure class=\"wp-block-image size-large\"><img decoding=\"async\" src=\"https:\/\/walkingtourljubljana.com\/wp-content\/uploads\/bled-winter-1024x683.webp\" alt=\"Der Bleder See mit der Insel Bled im Winter, Slowenien\" class=\"wp-image-6222\" \/><figcaption class=\"wp-element-caption\">Die stille Sch\u00f6nheit des Bleder Sees bei leichtem Schneefall<\/figcaption><\/figure>\n\n\n\n<p>W\u00e4hrend sich der Monat dem jubelnden Crescendo des <strong>Silvester<\/strong>Die Vielfalt der Erlebnisse, die in Slowenien auf Sie warten, macht den Dezember zu einem fesselnden Auftakt f\u00fcr das neue Jahr.<\/p>\n\n\n\n<p>Wenn Sie den Weihnachtsmarkt in Ljubljana im Rahmen einer Reise besuchen m\u00f6chten <strong>Gef\u00fchrtes Erlebnis<\/strong>bieten wir ein speziell kuratiertes <a href=\"https:\/\/walkingtourljubljana.com\/de\/\">Option Weihnachtsmarktrundgang<\/a> die diesen bezaubernden Markt umfasst. Unsere Tour ist so konzipiert, dass sie eine reichhaltige, festliche Reise durch einige der beliebtesten Urlaubsziele Europas bietet und eine Mischung aus kultureller Entdeckung und fr\u00f6hlicher Stimmung garantiert.<\/p>\n\n\n\n<p>Und wenn Sie eine Reise durch die sch\u00f6nsten Weihnachtsm\u00e4rkte Europas unternehmen m\u00f6chten, besuchen Sie die Websites unserer Partner <a href=\"https:\/\/europechristmasmarkettours.com\/tours\/christmas-markets-of-croatia-slovenia-and-austria\/\">speziell kuratierte Mehrtagestour<\/a>mit dem bezaubernden Weihnachtsmarkt in Ljubljana und anderen kultigen Urlaubszielen.<\/p>\n\n\n\n<p>Entdecken Sie den festlichen Charme Ljubljanas, der \u00fcberall in der Stadt zu sp\u00fcren ist. <strong>Sloweniens malerische Landschaften<\/strong>. Sind Sie bereit, sich auf die Feiertage einzustimmen?<\/p>","protected":false},"excerpt":{"rendered":"<p>Vom 1. Dezember 2023 bis Anfang Januar 2024 verwandelt sich Ljubljana in ein festliches Reich, das von unz\u00e4hligen Lichtern erleuchtet wird. Das Herzst\u00fcck dieses Winterwunders ist der beliebte Weihnachtsmarkt von Ljubljana, dessen Charme durch die mittelalterliche Architektur der Stadt und den Duft von Gl\u00fchwein, der die frische Luft erf\u00fcllt, noch verst\u00e4rkt wird. ... <a href=\"https:\/\/walkingtourljubljana.com\/de\/blog\/\">Fortsetzung<\/a><\/p>","protected":false},"author":40,"featured_media":6217,"parent":0,"menu_order":0,"comment_status":"closed","ping_status":"closed","template":"","meta":{"footnotes":""},"class_list":["post-6208","page","type-page","status-publish","has-post-thumbnail","hentry"],"acf":{"page_subheading":"Unveil the magic of Ljubljana's Christmas Market and discover the rich tapestry of December festivities awaiting in Slovenia's picturesque landscapes."},"_links":{"self":[{"href":"https:\/\/walkingtourljubljana.com\/de\/wp-json\/wp\/v2\/pages\/6208","targetHints":{"allow":["GET"]}}],"collection":[{"href":"https:\/\/walkingtourljubljana.com\/de\/wp-json\/wp\/v2\/pages"}],"about":[{"href":"https:\/\/walkingtourljubljana.com\/de\/wp-json\/wp\/v2\/types\/page"}],"author":[{"embeddable":true,"href":"https:\/\/walkingtourljubljana.com\/de\/wp-json\/wp\/v2\/users\/40"}],"replies":[{"embeddable":true,"href":"https:\/\/walkingtourljubljana.com\/de\/wp-json\/wp\/v2\/comments?post=6208"}],"version-history":[{"count":12,"href":"https:\/\/walkingtourljubljana.com\/de\/wp-json\/wp\/v2\/pages\/6208\/revisions"}],"predecessor-version":[{"id":6284,"href":"https:\/\/walkingtourljubljana.com\/de\/wp-json\/wp\/v2\/pages\/6208\/revisions\/6284"}],"wp:featuredmedia":[{"embeddable":true,"href":"https:\/\/walkingtourljubljana.com\/de\/wp-json\/wp\/v2\/media\/6217"}],"wp:attachment":[{"href":"https:\/\/walkingtourljubljana.com\/de\/wp-json\/wp\/v2\/media?parent=6208"}],"curies":[{"name":"wp","href":"https:\/\/api.w.org\/{rel}","templated":true}]}}